{"id":86,"date":"2021-06-14T08:09:32","date_gmt":"2021-06-14T07:09:32","guid":{"rendered":"https:\/\/plusultra-pharma.de\/?page_id=86"},"modified":"2025-07-02T14:04:34","modified_gmt":"2025-07-02T13:04:34","slug":"transparenzerklaerung","status":"publish","type":"page","link":"https:\/\/plusultra-pharma.de\/en\/transparenzerklaerung\/","title":{"rendered":"Transparency Declaration"},"content":{"rendered":"<p>[et_pb_section fb_built=&#8220;1&#8243; _builder_version=&#8220;4.16&#8243; _module_preset=&#8220;default&#8220; custom_margin_tablet=&#8220;&#8220; custom_margin_phone=&#8220;&#8220; custom_margin_last_edited=&#8220;on|phone&#8220; custom_padding=&#8220;37px||25px||false|false&#8220; da_disable_devices=&#8220;off|off|off&#8220; global_colors_info=&#8220;{}&#8220; da_is_popup=&#8220;off&#8220; da_exit_intent=&#8220;off&#8220; da_has_close=&#8220;on&#8220; da_alt_close=&#8220;off&#8220; da_dark_close=&#8220;off&#8220; da_not_modal=&#8220;on&#8220; da_is_singular=&#8220;off&#8220; da_with_loader=&#8220;off&#8220; da_has_shadow=&#8220;on&#8220;][et_pb_row _builder_version=&#8220;4.16&#8243; _module_preset=&#8220;default&#8220; custom_padding=&#8220;0px|0px|0px|0px|true|true&#8220; global_colors_info=&#8220;{}&#8220;][et_pb_column type=&#8220;4_4&#8243; _builder_version=&#8220;4.16&#8243; _module_preset=&#8220;default&#8220; global_colors_info=&#8220;{}&#8220;][et_pb_post_title meta=&#8220;off&#8220; featured_image=&#8220;off&#8220; _builder_version=&#8220;4.16&#8243; _module_preset=&#8220;default&#8220; global_colors_info=&#8220;{}&#8220;][\/et_pb_post_title][\/et_pb_column][\/et_pb_row][\/et_pb_section][et_pb_section fb_built=&#8220;1&#8243; _builder_version=&#8220;4.16&#8243; _module_preset=&#8220;default&#8220; background_enable_color=&#8220;off&#8220; background_image=&#8220;https:\/\/plusultra-pharma.de\/wp-content\/uploads\/2021\/11\/top_bg.jpeg&#8220; width=&#8220;100%&#8220; min_height=&#8220;445px&#8220; min_height_tablet=&#8220;625px&#8220; min_height_phone=&#8220;615px&#8220; min_height_last_edited=&#8220;on|phone&#8220; da_disable_devices=&#8220;off|off|off&#8220; global_colors_info=&#8220;{}&#8220; da_is_popup=&#8220;off&#8220; da_exit_intent=&#8220;off&#8220; da_has_close=&#8220;on&#8220; da_alt_close=&#8220;off&#8220; da_dark_close=&#8220;off&#8220; da_not_modal=&#8220;on&#8220; da_is_singular=&#8220;off&#8220; da_with_loader=&#8220;off&#8220; da_has_shadow=&#8220;on&#8220;][\/et_pb_section][et_pb_section fb_built=&#8220;1&#8243; _builder_version=&#8220;4.16&#8243; _module_preset=&#8220;default&#8220; da_disable_devices=&#8220;off|off|off&#8220; global_colors_info=&#8220;{}&#8220; da_is_popup=&#8220;off&#8220; da_exit_intent=&#8220;off&#8220; da_has_close=&#8220;on&#8220; da_alt_close=&#8220;off&#8220; da_dark_close=&#8220;off&#8220; da_not_modal=&#8220;on&#8220; da_is_singular=&#8220;off&#8220; da_with_loader=&#8220;off&#8220; da_has_shadow=&#8220;on&#8220;][et_pb_row _builder_version=&#8220;4.16&#8243; _module_preset=&#8220;default&#8220; background_color=&#8220;rgba(218,237,247,0.77)&#8220; custom_margin=&#8220;-175px||||false|false&#8220; custom_padding=&#8220;|29px||29px|false|true&#8220; border_radii=&#8220;on|14px|14px|14px|14px&#8220; global_colors_info=&#8220;{}&#8220;][et_pb_column type=&#8220;4_4&#8243; _builder_version=&#8220;4.16&#8243; _module_preset=&#8220;default&#8220; global_colors_info=&#8220;{}&#8220;][et_pb_text _builder_version=&#8220;4.17.4&#8243; _module_preset=&#8220;default&#8220; text_font_size=&#8220;44px&#8220; background_color=&#8220;#FFFFFF&#8220; custom_margin=&#8220;||||false|false&#8220; custom_padding=&#8220;299px|26px|299px|26px|true|true&#8220; hover_enabled=&#8220;0&#8243; inline_fonts=&#8220;Aclonica&#8220; global_colors_info=&#8220;{}&#8220; sticky_enabled=&#8220;0&#8243;]<\/p>\n<p style=\"text-align: center;\"><span style=\"font-family: inherit;\"><strong><em>Unsere Ver\u00f6ffentlichungsberichte<br \/><\/em><\/strong><\/span><\/p>\n<p style=\"text-align: left;\"><a href=\"https:\/\/plusultra-pharma.de\/wp-content\/uploads\/2023\/06\/Plusultra-pharma-Methodology-Note_FINAL_20230510.pdf\"><span style=\"font-family: inherit; font-size: xx-large;\">2023\u00a0 Methodology Note Supporting The Disclosure Of Transfers Of Value (PDF 1 MB)<\/span><\/a><span style=\"font-family: inherit;\"><\/span><\/p>\n<p style=\"text-align: left;\"><span style=\"font-family: inherit;\">Ver\u00f6ffentlichungsbericht 2023<\/span><\/p>\n<p style=\"text-align: left;\"><span style=\"font-size: xx-large;\"><a href=\"https:\/\/plusultra-pharma.de\/wp-content\/uploads\/2025\/04\/ToV-EFPIA-Disclosure-PUP-GmbH-Year-2022.pdf\">2023 ToV-EFPIA-Disclosure (PDF 771 KB)<\/a><\/span><span style=\"font-family: inherit;\"><\/span><\/p>\n<p style=\"text-align: left;\">Ver\u00f6ffentlichungsbericht 2024<span style=\"font-family: inherit;\"><\/span><\/p>\n<p style=\"text-align: left;\"><a href=\"https:\/\/plusultra-pharma.de\/wp-content\/uploads\/2025\/04\/ToV-EFPIA-Disclosure-PUP-GmbH-Year-2023.pdf\"><span style=\"font-size: xx-large;\">2024 ToV-EFPIA-Disclosure (PDF 768 KB)<\/span><\/a><\/p>\n<p style=\"text-align: left;\">Ver\u00f6ffentlichungsbericht 2025<\/p>\n<p style=\"text-align: left;\"><a href=\"https:\/\/plusultra-pharma.de\/wp-content\/uploads\/2025\/07\/ToV-EFPIA-Disclosure-PUP-GmbH-Year-2024_20250630.pdf\"><span style=\"font-size: xx-large;\">2025 ToV-EFPIA-Disclosure (PDF 776 KB)<\/span><\/a><\/p>\n<p style=\"text-align: left;\"><span style=\"font-size: xx-large;\"><\/span><\/p>\n<p>[\/et_pb_text][\/et_pb_column][\/et_pb_row][\/et_pb_section]<\/p>\n","protected":false},"excerpt":{"rendered":"<p>Unsere Ver\u00f6ffentlichungsberichte 2023\u00a0 Methodology Note Supporting The Disclosure Of Transfers Of Value (PDF 1 MB) Ver\u00f6ffentlichungsbericht 2023 2023 ToV-EFPIA-Disclosure (PDF 771 KB) Ver\u00f6ffentlichungsbericht 2024 2024 ToV-EFPIA-Disclosure (PDF 768 KB) Ver\u00f6ffentlichungsbericht 2025 2025 ToV-EFPIA-Disclosure (PDF 776 KB)<\/p>","protected":false},"author":1,"featured_media":0,"parent":0,"menu_order":3,"comment_status":"closed","ping_status":"closed","template":"","meta":{"_et_pb_use_builder":"on","_et_pb_old_content":"","_et_gb_content_width":"","footnotes":""},"class_list":["post-86","page","type-page","status-publish","hentry"],"_links":{"self":[{"href":"https:\/\/plusultra-pharma.de\/en\/wp-json\/wp\/v2\/pages\/86","targetHints":{"allow":["GET"]}}],"collection":[{"href":"https:\/\/plusultra-pharma.de\/en\/wp-json\/wp\/v2\/pages"}],"about":[{"href":"https:\/\/plusultra-pharma.de\/en\/wp-json\/wp\/v2\/types\/page"}],"author":[{"embeddable":true,"href":"https:\/\/plusultra-pharma.de\/en\/wp-json\/wp\/v2\/users\/1"}],"replies":[{"embeddable":true,"href":"https:\/\/plusultra-pharma.de\/en\/wp-json\/wp\/v2\/comments?post=86"}],"version-history":[{"count":9,"href":"https:\/\/plusultra-pharma.de\/en\/wp-json\/wp\/v2\/pages\/86\/revisions"}],"predecessor-version":[{"id":879,"href":"https:\/\/plusultra-pharma.de\/en\/wp-json\/wp\/v2\/pages\/86\/revisions\/879"}],"wp:attachment":[{"href":"https:\/\/plusultra-pharma.de\/en\/wp-json\/wp\/v2\/media?parent=86"}],"curies":[{"name":"wp","href":"https:\/\/api.w.org\/{rel}","templated":true}]}}