{"id":43,"date":"2021-06-13T05:27:23","date_gmt":"2021-06-13T04:27:23","guid":{"rendered":"https:\/\/plusultra-pharma.de\/?page_id=43"},"modified":"2026-01-22T13:43:49","modified_gmt":"2026-01-22T12:43:49","slug":"ueber-plusultra-pharma","status":"publish","type":"page","link":"https:\/\/plusultra-pharma.de\/en\/ueber-plusultra-pharma\/","title":{"rendered":"About Plusultra pharma"},"content":{"rendered":"<p>[et_pb_section fb_built=&#8220;1&#8243; _builder_version=&#8220;4.16&#8243; _module_preset=&#8220;default&#8220; custom_margin_tablet=&#8220;&#8220; custom_margin_phone=&#8220;&#8220; custom_margin_last_edited=&#8220;on|phone&#8220; custom_padding=&#8220;37px||25px||false|false&#8220; da_disable_devices=&#8220;off|off|off&#8220; global_colors_info=&#8220;{}&#8220; da_is_popup=&#8220;off&#8220; da_exit_intent=&#8220;off&#8220; da_has_close=&#8220;on&#8220; da_alt_close=&#8220;off&#8220; da_dark_close=&#8220;off&#8220; da_not_modal=&#8220;on&#8220; da_is_singular=&#8220;off&#8220; da_with_loader=&#8220;off&#8220; da_has_shadow=&#8220;on&#8220;][et_pb_row _builder_version=&#8220;4.16&#8243; _module_preset=&#8220;default&#8220; custom_padding=&#8220;0px|0px|0px|0px|true|true&#8220; global_colors_info=&#8220;{}&#8220;][et_pb_column type=&#8220;4_4&#8243; _builder_version=&#8220;4.16&#8243; _module_preset=&#8220;default&#8220; global_colors_info=&#8220;{}&#8220;][et_pb_post_title meta=&#8220;off&#8220; featured_image=&#8220;off&#8220; _builder_version=&#8220;4.17.4&#8243; _module_preset=&#8220;default&#8220; global_colors_info=&#8220;{}&#8220;][\/et_pb_post_title][\/et_pb_column][\/et_pb_row][\/et_pb_section][et_pb_section fb_built=&#8220;1&#8243; _builder_version=&#8220;4.16&#8243; _module_preset=&#8220;default&#8220; background_image=&#8220;https:\/\/plusultra-pharma.de\/wp-content\/uploads\/2021\/07\/about_us.jpg&#8220; min_height=&#8220;445px&#8220; min_height_tablet=&#8220;625px&#8220; min_height_phone=&#8220;615px&#8220; min_height_last_edited=&#8220;on|phone&#8220; da_disable_devices=&#8220;off|off|off&#8220; global_colors_info=&#8220;{}&#8220; da_is_popup=&#8220;off&#8220; da_exit_intent=&#8220;off&#8220; da_has_close=&#8220;on&#8220; da_alt_close=&#8220;off&#8220; da_dark_close=&#8220;off&#8220; da_not_modal=&#8220;on&#8220; da_is_singular=&#8220;off&#8220; da_with_loader=&#8220;off&#8220; da_has_shadow=&#8220;on&#8220;][et_pb_row column_structure=&#8220;1_2,1_2&#8243; _builder_version=&#8220;4.16&#8243; _module_preset=&#8220;default&#8220; global_colors_info=&#8220;{}&#8220;][et_pb_column type=&#8220;1_2&#8243; _builder_version=&#8220;4.16&#8243; _module_preset=&#8220;default&#8220; global_colors_info=&#8220;{}&#8220;][\/et_pb_column][et_pb_column type=&#8220;1_2&#8243; _builder_version=&#8220;4.16&#8243; _module_preset=&#8220;default&#8220; global_colors_info=&#8220;{}&#8220;][et_pb_text _builder_version=&#8220;4.16&#8243; _module_preset=&#8220;default&#8220; text_font_size=&#8220;25px&#8220; custom_margin=&#8220;-22px||||false|false&#8220; custom_margin_tablet=&#8220;&#8220; custom_margin_phone=&#8220;||||false|false&#8220; custom_margin_last_edited=&#8220;on|phone&#8220; custom_padding=&#8220;||||false|false&#8220; animation_style=&#8220;slide&#8220; animation_direction=&#8220;right&#8220; animation_duration=&#8220;1750ms&#8220; module_alignment_tablet=&#8220;&#8220; module_alignment_phone=&#8220;&#8220; module_alignment_last_edited=&#8220;on|tablet&#8220; global_colors_info=&#8220;{}&#8220;]<\/p>\n<p>As a research and development-based pharmaceutical company, we develop pharmaceuticals for unmet needs, such as orphan drugs. Before delivering new products, we always consider the needs of our customers.<\/p>\n<p>&nbsp;<\/p>\n<p>&nbsp;<\/p>\n<p>[\/et_pb_text][\/et_pb_column][\/et_pb_row][\/et_pb_section][et_pb_section fb_built=&#8220;1&#8243; _builder_version=&#8220;4.16&#8243; _module_preset=&#8220;default&#8220; da_disable_devices=&#8220;off|off|off&#8220; global_colors_info=&#8220;{}&#8220; da_is_popup=&#8220;off&#8220; da_exit_intent=&#8220;off&#8220; da_has_close=&#8220;on&#8220; da_alt_close=&#8220;off&#8220; da_dark_close=&#8220;off&#8220; da_not_modal=&#8220;on&#8220; da_is_singular=&#8220;off&#8220; da_with_loader=&#8220;off&#8220; da_has_shadow=&#8220;on&#8220;][et_pb_row _builder_version=&#8220;4.16&#8243; _module_preset=&#8220;default&#8220; background_color=&#8220;rgba(218,237,247,0.77)&#8220; custom_margin=&#8220;-175px||||false|false&#8220; custom_padding=&#8220;|29px||29px|false|true&#8220; border_radii=&#8220;on|14px|14px|14px|14px&#8220; global_colors_info=&#8220;{}&#8220;][et_pb_column type=&#8220;4_4&#8243; _builder_version=&#8220;4.16&#8243; _module_preset=&#8220;default&#8220; global_colors_info=&#8220;{}&#8220;][et_pb_tabs module_id=&#8220;tabs&#8220; _builder_version=&#8220;4.17.4&#8243; _module_preset=&#8220;default&#8220; body_line_height_tablet=&#8220;&#8220; body_line_height_phone=&#8220;1.4em&#8220; body_line_height_last_edited=&#8220;on|phone&#8220; global_colors_info=&#8220;{}&#8220;][et_pb_tab title=&#8220;Philosophy&#8220; _builder_version=&#8220;4.16&#8243; _module_preset=&#8220;default&#8220; global_colors_info=&#8220;{}&#8220;]<\/p>\n<h2 class=\"p1\">Corporate Mission<\/h2>\n<p class=\"p1\"><span>Contribute to Society by Providing Critical but Neglected Pharmaceuticals and Medical Devices<\/span><\/p>\n<h2>Management Policies<\/h2>\n<p><strong>General<\/strong><\/p>\n<ol>\n<li class=\"p1\">Give priority to legal and ethical compliance in the course of business \u2013\u00a0never prioritize loyalty to company over moral.<\/li>\n<li class=\"p1\">Share our Mission, Policies and Code of Conduct among all stakeholders\u00a0(employees, shareholders, officers).<\/li>\n<li class=\"p1\">Pursue evolution of the company, yet becoming larger is not our main goal.<\/li>\n<li class=\"p1\">Comply with regulations and ethical codes.<\/li>\n<li class=\"p1\">Ensure transparency and disclosure.<\/li>\n<li class=\"p1\">Launch business overseas.<\/li>\n<\/ol>\n<p><strong>Personnel<\/strong><\/p>\n<ol>\n<li class=\"p1\">Value employees and families, and respect self-development.<\/li>\n<li class=\"p1\">Employ the principle of \u201cselect few\u201d*, and create an environment where\u00a0they can enjoy working.<br \/>*Select few = experienced experts passionately devoted to working, irrespective of gender, age, nationality, religion or preference.<\/li>\n<li class=\"p1\">Value suggestions and opinions from employees.<\/li>\n<\/ol>\n<p><strong>\u00a0Products<\/strong><\/p>\n<ol>\n<li class=\"p1\">Pursue high-quality products and data.<\/li>\n<li class=\"p1\">Ensure post-marketing safety.<\/li>\n<li class=\"p1\">Search for product seeds externally.<\/li>\n<\/ol>\n<p><strong>\u00a0Capital<\/strong><\/p>\n<ol>\n<li class=\"p1\">Profits are a result of and means of achieving the Mission.<\/li>\n<li class=\"p1\">Focus on higher return on sales\/profits per employee.<\/li>\n<li class=\"p1\">Keep in mind the disadvantages of failure \u2013 not the assumption of success \u2013\u00a0when making investment decisions.<\/li>\n<li class=\"p1\">Profits are distributed to shareholders (dividends*), employees**, and to internal\u00a0reserves.<br \/>*Dividends: 1\/3 of profits after tax<br \/>**employees: up to dividends<\/li>\n<li class=\"p1\">Invest asset only with a principal guarantee.<\/li>\n<\/ol>\n<h2 class=\"m-title\">Direction<\/h2>\n<div class=\"m-txt-box\">\n<p>Putting ourselves in the position of people who look forward to our research progress as a research and development-based pharmaceutical company, develop pharmaceuticals for unmet needs, such as orphan drugs (for rare diseases), off-label drugs, and drugs for intractable diseases, and facilitate quick delivery of these drugs to patients and physicians in need.<\/p>\n<p>&nbsp;<\/p>\n<\/div>\n<h2 class=\"p1\">Code of Conduct<\/h2>\n<p><strong>Principle<\/strong><\/p>\n<p class=\"p1\">When in doubt, the patient benefit takes priority.<\/p>\n<p><strong>\u00a0Our Challenges<\/strong><\/p>\n<ol>\n<li class=\"p1\">YMWS: \u201c<strong>Y<\/strong>atte <strong>M<\/strong>inakucha <strong>W<\/strong>akaranai, shikashi <strong>S<\/strong>ongiri wo tamerauna\u201d<br \/>= You never know how it will turn out unless you try, but do not hesitate to cut losses<\/li>\n<li class=\"p1\">ZY: \u201c<strong>Z<\/strong>enrei ga nainara <strong>Y<\/strong>attemiru\u201d = Even if there is no precedent, be the first to try it<\/li>\n<\/ol>\n<p class=\"p1\"><strong>Speed<\/strong><\/p>\n<ol>\n<li class=\"p1\">Never forget patients are waiting.<\/li>\n<li class=\"p1\">Be unafraid to buy time.<\/li>\n<li class=\"p1\">Set a specific deadline date* at the beginning to pursue the goal without worrying\u00a0about possible delays.<br \/>*Stay away from \u201capproximately\/around\u201d and \u201cearly\/late\u201d, etc.<\/li>\n<li class=\"p1\">If problems or mistakes occur, prevent their expansion first before preventing\u00a0reoccurrence.<\/li>\n<li class=\"p1\">Speedy decisions by managers who have authority of million(s) yen projects*.<br \/>*3 million for Division Manager; 1 million for Department\/Branch Manager\/PM\/PL<\/li>\n<\/ol>\n<p class=\"p1\"><strong>Cost\/Efficiency<\/strong><\/p>\n<ol>\n<li class=\"p1\">Never take or lead to wasteful actions.<\/li>\n<li class=\"p1\">No overtime work is considered optimal.<\/li>\n<li class=\"p1\">Consider patient needs, scientific rationality and laws\/regulations when pursuing\u00a0higher quality in products\/data.<\/li>\n<li class=\"p1\">Pursue cost reduction with the principle of multiple sources, while regarding\u00a0providers as partners.<\/li>\n<\/ol>\n<p><strong>\u00a0Communications\/Relationship<\/strong><\/p>\n<ol>\n<li class=\"p1\">Embrace inter-departmental advice and cooperation \u2013 hiding in silos is a symptom\u00a0of \u201cBig Company\u201d Disease.<\/li>\n<li class=\"p1\">Superiors to confidently entrust tasks to subordinates, but never leave unmanaged.<\/li>\n<li class=\"p1\">Hear anyone out \u2013 never interrupt in the middle.<\/li>\n<li class=\"p1\">Start with conclusion\/result when explaining\/responding.<\/li>\n<li class=\"p1\">Greetings may seem small, but they are important.<\/li>\n<\/ol>\n<p>[\/et_pb_tab][et_pb_tab title=&#8220;Geschichte&#8220; content_tablet=&#8220;&#8220; content_phone=&#8220;<\/p>\n<blockquote>\n<p><span style=%22font-size: x-large;%22><em>\u201cNobel\u201d of our company name comes from the famous Alfred Nobel,<br \/>the founder of the Nobel Prize.<\/em><\/span><\/p>\n<p><span style=%22font-size: xx-large;%22><em><\/em><\/span><\/p>\n<p><span style=%22font-size: xx-large;%22><em><\/em><\/span><\/p>\n<\/blockquote>\n<h3>Family Line of Nobel<\/h3>\n<p>Nobel, known for his invention of dynamite, established Nobel Industries Limited in 1870. Through the diversification by mergers, it eventually evolved into the world\u2019s leading chemical company, ICI (Imperial Chemical Industries); the business unit of which called ICI Nobel then became the current Nobel Enterprises Industries Inc. in 2002 when acquired by Inabata &#038; Co., Ltd., and there inaugurated as its group business is our company, Nobelpharma Co., Ltd.<\/p>\n<p>Taking pride to inherit such a venerable name of Nobel, we are determined to contribute to society by providing pharmaceuticals and medical devices that only we can provide.<\/p>\n<p>In 2019, our first overseas subsidiary, Nobelpharma America, LLC was established in Bethesda, Maryland US.<\/p>\n<p><span style=%22color: #ff0000;%22>Add about Pusultra pharma<\/span><\/p>\n<p><span style=%22color: #ff0000;%22>Timeline image post here<\/span><\/p>\n<p>&#8220; content_last_edited=&#8220;on|phone&#8220; _builder_version=&#8220;4.16&#8243; _module_preset=&#8220;default&#8220; global_colors_info=&#8220;{}&#8220;]<\/p>\n<h2>Die Familienline der Nobelsl<\/h2>\n<p>Nobel, der f\u00fcr die Erfindung des Dynamits bekannt ist, hat im Jahre 1870 die Firma Nobel Industries Limited gergr\u00fcndet. Durch von Zuk\u00e4ufen begr\u00fcndete Diversifikation ist daraus das weltweit f\u00fchrende Unternehmen ICI (Imperial Chemical Industries) entstanden \u2013 deren Gesch\u00e4ftsbereich, die ICI Nobel dann im Jahre 2002 zur heutigen current Nobel Enterprises Industries Inc. wurde, als sie von Inabata &amp; Co., Ltd. aufgekauft wurde. In dieses Unternehmen wurde, als Teil der Unternehmensgruppe, unsere Firma Nobelpharma Co., Ltd. eingegliedert. \u00a0<\/p>\n<p>Stolz darauf, den ehrw\u00fcrdigen Namen Nobel zu \u00fcbernehmen, f\u00fchlen wir uns verpflichtet der Gesellschaft etwas beizusteuern, indem wir Pharmazeutika und medizinische Ger\u00e4te anbieten, welche nur wir zur Verf\u00fcgung stellen k\u00f6nnen.<\/p>\n<p>In 2020 wurden \u00dcbersee auf dem europ\u00e4ischen Kontinent unsere Tochtergesellschaften Plusultra pharma GmbH und Plusultra pharma UK Ltd. in D\u00fcsseldorf, Deutschland, und Oxford, Vereinigtes K\u00f6nigreich, gegr\u00fcndet, welche unser Andenken an die Familie Nobel weiterf\u00fchren.\u00a0\u00a0<\/p>\n<p>&nbsp;<\/p>\n<p>&nbsp;<\/p>\n<p><img loading=\"lazy\" decoding=\"async\" src=\"https:\/\/plusultra-pharma.de\/wp-content\/uploads\/2021\/11\/timeline.png\" width=\"2301\" height=\"334\" alt=\"Plusultra pharma GmbH Time Line\" class=\"wp-image-451 alignleft size-full\" srcset=\"https:\/\/plusultra-pharma.de\/wp-content\/uploads\/2021\/11\/timeline.png 2301w, https:\/\/plusultra-pharma.de\/wp-content\/uploads\/2021\/11\/timeline-1280x186.png 1280w, https:\/\/plusultra-pharma.de\/wp-content\/uploads\/2021\/11\/timeline-980x142.png 980w, https:\/\/plusultra-pharma.de\/wp-content\/uploads\/2021\/11\/timeline-480x70.png 480w\" sizes=\"auto, (min-width: 0px) and (max-width: 480px) 480px, (min-width: 481px) and (max-width: 980px) 980px, (min-width: 981px) and (max-width: 1280px) 1280px, (min-width: 1281px) 2301px, 100vw\" \/><\/p>\n<p>[\/et_pb_tab][et_pb_tab title=&#8220;Nachrichtenarchiv&#8220; _builder_version=&#8220;4.17.4&#8243; _module_preset=&#8220;default&#8220; custom_padding=&#8220;||300px||false|false&#8220; global_colors_info=&#8220;{}&#8220;]<\/p>\n<ul>\n<li>Am 15. Mai 2023 <span style=\"color: #4d8dc4;\">erteilte die Europ\u00e4ische Arzneimittel-Agentur EMA der Plusultra pharma GmbH die Genehmigung f\u00fcr das Inverkehrbringen des Arzneimittels Hyftor 2 mg\/g Gel (Sirolimus), f\u00fcr die Behandlung von Angiofibromen des Gesichts in Verbindung mit tuber\u00f6ser Sklerose (TSC: Tuberous Sclerosis Complex) bei Erwachsenen, Kindern und Jugendlichen von 6 Jahren und \u00e4lter.<\/span><\/li>\n<li>Am 15. Mai 2023 <span style=\"color: #4d8dc4;\">best\u00e4tigte die European Medicines Agency (EMA) den Orphan Drug Status f\u00fcr Hyftor\u00ae 2 mg\/g Gel (Sirolimus) zur Behandlung der tuber\u00f6sen Sklerose (gutartige Hauttumore im Gesicht; faziale Angio\ufb01brome).<\/span> <a href=\"https:\/\/www.ema.europa.eu\/en\/documents\/orphan-maintenance-report\/hyftor-orphan-maintenance-assessment-report-initial-authorisation_en.pdf\"><span style=\"text-decoration: underline; color: #0d4c85;\">Orphan Maintenance Assessment Report (europa.eu)<\/span><\/a><span><span style=\"color: #666666;\"><\/span><\/span><\/li>\n<li><span><span style=\"color: #666666;\">Am 23. Februar 2023<\/span> <span style=\"color: #4d8dc4;\">gab der Ausschuss f\u00fcr Humanarzneimittel (CHMP: Committee for Medicinal Products for Human Use) eine positive Stellungnahme ab. Der Ausschuss empfiehlt die Erteilung einer Genehmigung f\u00fcr das Inverkehrbringen des Arzneimittels Hyftor, f\u00fcr die Behandlung von Angiofibromen des Gesichts in Verbindung mit tuber\u00f6ser Sklerose (TSC: Tuberous Sclerosis Complex) bei Erwachsenen und p\u00e4diatrischen Patienten von 6 Jahren und \u00e4lter. <\/span><\/span><\/li>\n<\/ul>\n<p>[\/et_pb_tab][\/et_pb_tabs][\/et_pb_column][\/et_pb_row][et_pb_row disabled_on=&#8220;on|on|on&#8220; _builder_version=&#8220;4.16&#8243; _module_preset=&#8220;default&#8220; disabled=&#8220;on&#8220; global_colors_info=&#8220;{}&#8220;][et_pb_column type=&#8220;4_4&#8243; _builder_version=&#8220;4.16&#8243; _module_preset=&#8220;default&#8220; global_colors_info=&#8220;{}&#8220;][et_pb_text module_id=&#8220;archiv&#8220; _builder_version=&#8220;4.16&#8243; _module_preset=&#8220;default&#8220; background_color=&#8220;rgba(218,237,247,0.76)&#8220; custom_margin=&#8220;||0px||false|false&#8220; custom_padding=&#8220;9px|||22px|false|false&#8220; border_radii=&#8220;off|14px|14px||&#8220; global_colors_info=&#8220;{}&#8220;]<\/p>\n<h3>Veranstaltung<\/h3>\n<p>[\/et_pb_text][et_pb_text _builder_version=&#8220;4.16&#8243; _module_preset=&#8220;default&#8220; custom_margin=&#8220;20px||||false|false&#8220; global_colors_info=&#8220;{}&#8220;]<\/p>\n<ul>\n<li>Date XXXX:<span>\u00a0<\/span><a href=\"https:\/\/plusultra-pharma.de\/home\/#\">News3 When clicking this link, the PDF file will open to the next browser tab,<\/a><\/li>\n<li>Date XXXX:<a href=\"https:\/\/plusultra-pharma.de\/home\/#\"><span>\u00a0<\/span>News2<\/a><\/li>\n<li>Date XXXX:<span>\u00a0<\/span><a href=\"https:\/\/plusultra-pharma.de\/home\/#\">News1<\/a><\/li>\n<\/ul>\n<p>[\/et_pb_text][\/et_pb_column][\/et_pb_row][\/et_pb_section]<\/p>\n","protected":false},"excerpt":{"rendered":"<p>As a research and development-based pharmaceutical company, we develop pharmaceuticals for unmet needs, such as orphan drugs. Before delivering new products, we always consider the needs of our customers. &nbsp; &nbsp;Corporate Mission Contribute to Society by Providing Critical but Neglected Pharmaceuticals and Medical Devices Management Policies General Give priority to legal and ethical compliance in [&hellip;]<\/p>\n","protected":false},"author":1,"featured_media":0,"parent":0,"menu_order":1,"comment_status":"closed","ping_status":"closed","template":"","meta":{"_et_pb_use_builder":"on","_et_pb_old_content":"","_et_gb_content_width":"","footnotes":""},"class_list":["post-43","page","type-page","status-publish","hentry"],"_links":{"self":[{"href":"https:\/\/plusultra-pharma.de\/en\/wp-json\/wp\/v2\/pages\/43","targetHints":{"allow":["GET"]}}],"collection":[{"href":"https:\/\/plusultra-pharma.de\/en\/wp-json\/wp\/v2\/pages"}],"about":[{"href":"https:\/\/plusultra-pharma.de\/en\/wp-json\/wp\/v2\/types\/page"}],"author":[{"embeddable":true,"href":"https:\/\/plusultra-pharma.de\/en\/wp-json\/wp\/v2\/users\/1"}],"replies":[{"embeddable":true,"href":"https:\/\/plusultra-pharma.de\/en\/wp-json\/wp\/v2\/comments?post=43"}],"version-history":[{"count":9,"href":"https:\/\/plusultra-pharma.de\/en\/wp-json\/wp\/v2\/pages\/43\/revisions"}],"predecessor-version":[{"id":894,"href":"https:\/\/plusultra-pharma.de\/en\/wp-json\/wp\/v2\/pages\/43\/revisions\/894"}],"wp:attachment":[{"href":"https:\/\/plusultra-pharma.de\/en\/wp-json\/wp\/v2\/media?parent=43"}],"curies":[{"name":"wp","href":"https:\/\/api.w.org\/{rel}","templated":true}]}}